{"id":1330,"date":"2026-03-25T08:45:56","date_gmt":"2026-03-25T07:45:56","guid":{"rendered":"https:\/\/www.emg-italy.com\/?page_id=1330"},"modified":"2026-03-26T10:12:22","modified_gmt":"2026-03-26T09:12:22","slug":"terra-e-innvovazione","status":"publish","type":"page","link":"https:\/\/www.emg-italy.com\/it\/terra-e-innvovazione\/","title":{"rendered":"Radici in Abruzzo, spinti dall&#8217;innovazione."},"content":{"rendered":"\t\t<div data-elementor-type=\"wp-page\" data-elementor-id=\"1330\" class=\"elementor elementor-1330\" data-elementor-post-type=\"page\">\n\t\t\t\t<div class=\"elementor-element elementor-element-4fc7498 e-flex e-con-boxed e-con e-parent\" data-id=\"4fc7498\" data-element_type=\"container\" data-e-type=\"container\" data-settings=\"{&quot;background_background&quot;:&quot;classic&quot;,&quot;shape_divider_bottom&quot;:&quot;curve&quot;,&quot;shape_divider_bottom_negative&quot;:&quot;yes&quot;,&quot;jet_parallax_layout_list&quot;:[]}\">\n\t\t\t\t\t<div class=\"e-con-inner\">\n\t\t\t\t<div class=\"elementor-shape elementor-shape-bottom\" aria-hidden=\"true\" data-negative=\"true\">\n\t\t\t<svg xmlns=\"http:\/\/www.w3.org\/2000\/svg\" viewBox=\"0 0 1000 100\" preserveAspectRatio=\"none\">\n\t<path class=\"elementor-shape-fill\" d=\"M500,97C126.7,96.3,0.8,19.8,0,0v100l1000,0V1C1000,19.4,873.3,97.8,500,97z\"\/>\n<\/svg>\t\t<\/div>\n\t\t<div class=\"elementor-element elementor-element-10ae113 e-con-full e-flex e-con e-child\" data-id=\"10ae113\" data-element_type=\"container\" data-e-type=\"container\" data-settings=\"{&quot;jet_parallax_layout_list&quot;:[]}\">\n\t\t\t\t<div class=\"elementor-element elementor-element-1273e1e elementor-widget elementor-widget-heading\" data-id=\"1273e1e\" data-element_type=\"widget\" data-e-type=\"widget\" data-widget_type=\"heading.default\">\n\t\t\t\t<div class=\"elementor-widget-container\">\n\t\t\t\t\t<h1 class=\"elementor-heading-title elementor-size-default\"><span class=\"text-primary\">Radici in Abruzzo, <\/span> <br> spinti dall'innovazione.<\/h1>\t\t\t\t<\/div>\n\t\t\t\t<\/div>\n\t\t\t\t<\/div>\n\t\t\t\t\t<\/div>\n\t\t\t\t<\/div>\n\t\t<div class=\"elementor-element elementor-element-e45e2c5 e-flex e-con-boxed e-con e-parent\" data-id=\"e45e2c5\" data-element_type=\"container\" data-e-type=\"container\" data-settings=\"{&quot;jet_parallax_layout_list&quot;:[]}\">\n\t\t\t\t\t<div class=\"e-con-inner\">\n\t\t<div class=\"elementor-element elementor-element-395eceb e-con-full e-flex e-con e-child\" data-id=\"395eceb\" data-element_type=\"container\" data-e-type=\"container\" data-settings=\"{&quot;jet_parallax_layout_list&quot;:[]}\">\n\t\t\t\t<div class=\"elementor-element elementor-element-cd533b9 elementor-widget elementor-widget-heading\" data-id=\"cd533b9\" data-element_type=\"widget\" data-e-type=\"widget\" data-widget_type=\"heading.default\">\n\t\t\t\t<div class=\"elementor-widget-container\">\n\t\t\t\t\t<h2 class=\"elementor-heading-title elementor-size-default\">Le nostre radici, il vostro futuro<\/h2>\t\t\t\t<\/div>\n\t\t\t\t<\/div>\n\t\t\t\t<div class=\"elementor-element elementor-element-51ff63b elementor-widget elementor-widget-text-editor\" data-id=\"51ff63b\" data-element_type=\"widget\" data-e-type=\"widget\" data-widget_type=\"text-editor.default\">\n\t\t\t\t<div class=\"elementor-widget-container\">\n\t\t\t\t\t\t\t\t\t<p>La tecnologia EMG viaggia in tutto il mondo, ma il nostro cuore resta in Abruzzo: una terra dove le montagne incontrano il mare, dove la tradizione e la competenza si tramandano di generazione in generazione. Un luogo dove la manifattura \u00e8 nel DNA delle persone, e dove la determinazione di chi ci vive plasma la creativit\u00e0 e l&#8217;affidabilit\u00e0 di ogni macchina EMG.<\/p><p>Qui, una rete di fornitori locali e aziende specializzate condivide il nostro impegno verso l&#8217;eccellenza. Decenni di collaborazione hanno creato un vero ecosistema di competenze, in cui ogni contributo \u2014 dal componente pi\u00f9 piccolo al sistema pi\u00f9 avanzato \u2014 porta con s\u00e9 l&#8217;orgoglio del territorio.<\/p><p>Il nostro successo non si fonda solo sulla padronanza ingegneristica, ma anche sui valori, sull&#8217;autenticit\u00e0 e sulla tenacia del luogo che chiamiamo casa. Dall&#8217;Abruzzo ai cantieri di tutto il mondo, portiamo con noi lo spirito della nostra terra in ogni macchina che costruiamo.<\/p>\t\t\t\t\t\t\t\t<\/div>\n\t\t\t\t<\/div>\n\t\t\t\t<\/div>\n\t\t\t\t<div class=\"elementor-element elementor-element-9460035 elementor-widget elementor-widget-image\" data-id=\"9460035\" data-element_type=\"widget\" data-e-type=\"widget\" data-widget_type=\"image.default\">\n\t\t\t\t<div class=\"elementor-widget-container\">\n\t\t\t\t\t\t\t\t\t\t\t\t\t\t\t<img fetchpriority=\"high\" decoding=\"async\" width=\"800\" height=\"450\" src=\"https:\/\/www.emg-italy.com\/wp-content\/uploads\/2026\/03\/CompanyPage-3-1024x576.jpg\" class=\"attachment-large size-large wp-image-1180\" alt=\"\" srcset=\"https:\/\/www.emg-italy.com\/wp-content\/uploads\/2026\/03\/CompanyPage-3-1024x576.jpg 1024w, https:\/\/www.emg-italy.com\/wp-content\/uploads\/2026\/03\/CompanyPage-3-300x169.jpg 300w, https:\/\/www.emg-italy.com\/wp-content\/uploads\/2026\/03\/CompanyPage-3-768x432.jpg 768w, https:\/\/www.emg-italy.com\/wp-content\/uploads\/2026\/03\/CompanyPage-3-1536x864.jpg 1536w, https:\/\/www.emg-italy.com\/wp-content\/uploads\/2026\/03\/CompanyPage-3.jpg 1920w\" sizes=\"(max-width: 800px) 100vw, 800px\" \/>\t\t\t\t\t\t\t\t\t\t\t\t\t\t\t<\/div>\n\t\t\t\t<\/div>\n\t\t\t\t<div class=\"elementor-element elementor-element-1678e96 elementor-widget elementor-widget-button\" data-id=\"1678e96\" data-element_type=\"widget\" data-e-type=\"widget\" data-widget_type=\"button.default\">\n\t\t\t\t<div class=\"elementor-widget-container\">\n\t\t\t\t\t\t\t\t\t<div class=\"elementor-button-wrapper\">\n\t\t\t\t\t<a class=\"elementor-button elementor-button-link elementor-size-sm\" href=\"https:\/\/www.emg-italy.com\/it\/azienda\/\">\n\t\t\t\t\t\t<span class=\"elementor-button-content-wrapper\">\n\t\t\t\t\t\t\t\t\t<span class=\"elementor-button-text\">Leggi la nostra storia<\/span>\n\t\t\t\t\t<\/span>\n\t\t\t\t\t<\/a>\n\t\t\t\t<\/div>\n\t\t\t\t\t\t\t\t<\/div>\n\t\t\t\t<\/div>\n\t\t\t\t\t<\/div>\n\t\t\t\t<\/div>\n\t\t\t\t<\/div>\n\t\t","protected":false},"excerpt":{"rendered":"<p>Radici in Abruzzo, spinti dall&#8217;innovazione. Le nostre radici, il vostro futuro La tecnologia EMG viaggia in tutto il mondo, ma il nostro cuore resta in Abruzzo: una terra dove le montagne incontrano il mare, dove la tradizione e la competenza si tramandano di generazione in generazione. Un luogo dove la manifattura \u00e8 nel DNA delle [&hellip;]<\/p>\n","protected":false},"author":2,"featured_media":0,"parent":0,"menu_order":0,"comment_status":"closed","ping_status":"closed","template":"","meta":{"footnotes":""},"class_list":["post-1330","page","type-page","status-publish","hentry"],"yoast_head":"<!-- This site is optimized with the Yoast SEO Premium plugin v27.5 (Yoast SEO v27.5) - https:\/\/yoast.com\/product\/yoast-seo-premium-wordpress\/ -->\n<title>Radici in Abruzzo, spinti dall&#039;innovazione. - EMG srl<\/title>\n<meta name=\"robots\" content=\"index, follow, max-snippet:-1, max-image-preview:large, max-video-preview:-1\" \/>\n<link rel=\"canonical\" href=\"https:\/\/www.emg-italy.com\/rooted-in-abruzzo-driven-by-innovation\/\" \/>\n<meta property=\"og:locale\" content=\"it_IT\" \/>\n<meta property=\"og:type\" content=\"article\" \/>\n<meta property=\"og:title\" content=\"Radici in Abruzzo, spinti dall&#039;innovazione.\" \/>\n<meta property=\"og:description\" content=\"Radici in Abruzzo, spinti dall&#8217;innovazione. Le nostre radici, il vostro futuro La tecnologia EMG viaggia in tutto il mondo, ma il nostro cuore resta in Abruzzo: una terra dove le montagne incontrano il mare, dove la tradizione e la competenza si tramandano di generazione in generazione. Un luogo dove la manifattura \u00e8 nel DNA delle [&hellip;]\" \/>\n<meta property=\"og:url\" content=\"https:\/\/www.emg-italy.com\/rooted-in-abruzzo-driven-by-innovation\/\" \/>\n<meta property=\"og:site_name\" content=\"EMG srl\" \/>\n<meta property=\"article:publisher\" content=\"https:\/\/www.facebook.com\/emgitaly\/\" \/>\n<meta property=\"article:modified_time\" content=\"2026-03-26T09:12:22+00:00\" \/>\n<meta property=\"og:image\" content=\"https:\/\/www.emg-italy.com\/wp-content\/uploads\/2026\/03\/CompanyPage-3-1024x576.jpg\" \/>\n<meta name=\"twitter:card\" content=\"summary_large_image\" \/>\n<meta name=\"twitter:label1\" content=\"Tempo di lettura stimato\" \/>\n\t<meta name=\"twitter:data1\" content=\"2 minuti\" \/>\n<script type=\"application\/ld+json\" class=\"yoast-schema-graph\">{\"@context\":\"https:\\\/\\\/schema.org\",\"@graph\":[{\"@type\":\"WebPage\",\"@id\":\"https:\\\/\\\/www.emg-italy.com\\\/rooted-in-abruzzo-driven-by-innovation\\\/\",\"url\":\"https:\\\/\\\/www.emg-italy.com\\\/rooted-in-abruzzo-driven-by-innovation\\\/\",\"name\":\"Radici in Abruzzo, spinti dall'innovazione. - EMG srl\",\"isPartOf\":{\"@id\":\"https:\\\/\\\/www.emg-italy.com\\\/#website\"},\"primaryImageOfPage\":{\"@id\":\"https:\\\/\\\/www.emg-italy.com\\\/rooted-in-abruzzo-driven-by-innovation\\\/#primaryimage\"},\"image\":{\"@id\":\"https:\\\/\\\/www.emg-italy.com\\\/rooted-in-abruzzo-driven-by-innovation\\\/#primaryimage\"},\"thumbnailUrl\":\"https:\\\/\\\/www.emg-italy.com\\\/wp-content\\\/uploads\\\/2026\\\/03\\\/CompanyPage-3-1024x576.jpg\",\"datePublished\":\"2026-03-25T07:45:56+00:00\",\"dateModified\":\"2026-03-26T09:12:22+00:00\",\"breadcrumb\":{\"@id\":\"https:\\\/\\\/www.emg-italy.com\\\/rooted-in-abruzzo-driven-by-innovation\\\/#breadcrumb\"},\"inLanguage\":\"it-IT\",\"potentialAction\":[{\"@type\":\"ReadAction\",\"target\":[\"https:\\\/\\\/www.emg-italy.com\\\/rooted-in-abruzzo-driven-by-innovation\\\/\"]}]},{\"@type\":\"ImageObject\",\"inLanguage\":\"it-IT\",\"@id\":\"https:\\\/\\\/www.emg-italy.com\\\/rooted-in-abruzzo-driven-by-innovation\\\/#primaryimage\",\"url\":\"https:\\\/\\\/www.emg-italy.com\\\/wp-content\\\/uploads\\\/2026\\\/03\\\/CompanyPage-3-1024x576.jpg\",\"contentUrl\":\"https:\\\/\\\/www.emg-italy.com\\\/wp-content\\\/uploads\\\/2026\\\/03\\\/CompanyPage-3-1024x576.jpg\"},{\"@type\":\"BreadcrumbList\",\"@id\":\"https:\\\/\\\/www.emg-italy.com\\\/rooted-in-abruzzo-driven-by-innovation\\\/#breadcrumb\",\"itemListElement\":[{\"@type\":\"ListItem\",\"position\":1,\"name\":\"Home\",\"item\":\"https:\\\/\\\/www.emg-italy.com\\\/\"},{\"@type\":\"ListItem\",\"position\":2,\"name\":\"Radici in Abruzzo, spinti dall&#8217;innovazione.\"}]},{\"@type\":\"WebSite\",\"@id\":\"https:\\\/\\\/www.emg-italy.com\\\/#website\",\"url\":\"https:\\\/\\\/www.emg-italy.com\\\/\",\"name\":\"EMG srl\",\"description\":\"Gabbiatrici automatiche per pali di fondazione\",\"publisher\":{\"@id\":\"https:\\\/\\\/www.emg-italy.com\\\/#organization\"},\"alternateName\":\"EMG Pile cage machines\",\"potentialAction\":[{\"@type\":\"SearchAction\",\"target\":{\"@type\":\"EntryPoint\",\"urlTemplate\":\"https:\\\/\\\/www.emg-italy.com\\\/?s={search_term_string}\"},\"query-input\":{\"@type\":\"PropertyValueSpecification\",\"valueRequired\":true,\"valueName\":\"search_term_string\"}}],\"inLanguage\":\"it-IT\"},{\"@type\":\"Organization\",\"@id\":\"https:\\\/\\\/www.emg-italy.com\\\/#organization\",\"name\":\"EMG srl\",\"alternateName\":\"Pile Cage Machine\",\"url\":\"https:\\\/\\\/www.emg-italy.com\\\/\",\"logo\":{\"@type\":\"ImageObject\",\"inLanguage\":\"it-IT\",\"@id\":\"https:\\\/\\\/www.emg-italy.com\\\/#\\\/schema\\\/logo\\\/image\\\/\",\"url\":\"https:\\\/\\\/www.emg-italy.com\\\/wp-content\\\/uploads\\\/2026\\\/03\\\/emg-logo-white.svg\",\"contentUrl\":\"https:\\\/\\\/www.emg-italy.com\\\/wp-content\\\/uploads\\\/2026\\\/03\\\/emg-logo-white.svg\",\"width\":394.38,\"height\":108.61,\"caption\":\"EMG srl\"},\"image\":{\"@id\":\"https:\\\/\\\/www.emg-italy.com\\\/#\\\/schema\\\/logo\\\/image\\\/\"},\"sameAs\":[\"https:\\\/\\\/www.facebook.com\\\/emgitaly\\\/\",\"https:\\\/\\\/www.instagram.com\\\/emg.srl\\\/\",\"https:\\\/\\\/www.linkedin.com\\\/company\\\/emgsrl\"]}]}<\/script>\n<!-- \/ Yoast SEO Premium plugin. -->","yoast_head_json":{"title":"Radici in Abruzzo, spinti dall'innovazione. - EMG srl","robots":{"index":"index","follow":"follow","max-snippet":"max-snippet:-1","max-image-preview":"max-image-preview:large","max-video-preview":"max-video-preview:-1"},"canonical":"https:\/\/www.emg-italy.com\/rooted-in-abruzzo-driven-by-innovation\/","og_locale":"it_IT","og_type":"article","og_title":"Radici in Abruzzo, spinti dall'innovazione.","og_description":"Radici in Abruzzo, spinti dall&#8217;innovazione. Le nostre radici, il vostro futuro La tecnologia EMG viaggia in tutto il mondo, ma il nostro cuore resta in Abruzzo: una terra dove le montagne incontrano il mare, dove la tradizione e la competenza si tramandano di generazione in generazione. Un luogo dove la manifattura \u00e8 nel DNA delle [&hellip;]","og_url":"https:\/\/www.emg-italy.com\/rooted-in-abruzzo-driven-by-innovation\/","og_site_name":"EMG srl","article_publisher":"https:\/\/www.facebook.com\/emgitaly\/","article_modified_time":"2026-03-26T09:12:22+00:00","og_image":[{"url":"https:\/\/www.emg-italy.com\/wp-content\/uploads\/2026\/03\/CompanyPage-3-1024x576.jpg","type":"","width":"","height":""}],"twitter_card":"summary_large_image","twitter_misc":{"Tempo di lettura stimato":"2 minuti"},"schema":{"@context":"https:\/\/schema.org","@graph":[{"@type":"WebPage","@id":"https:\/\/www.emg-italy.com\/rooted-in-abruzzo-driven-by-innovation\/","url":"https:\/\/www.emg-italy.com\/rooted-in-abruzzo-driven-by-innovation\/","name":"Radici in Abruzzo, spinti dall'innovazione. - EMG srl","isPartOf":{"@id":"https:\/\/www.emg-italy.com\/#website"},"primaryImageOfPage":{"@id":"https:\/\/www.emg-italy.com\/rooted-in-abruzzo-driven-by-innovation\/#primaryimage"},"image":{"@id":"https:\/\/www.emg-italy.com\/rooted-in-abruzzo-driven-by-innovation\/#primaryimage"},"thumbnailUrl":"https:\/\/www.emg-italy.com\/wp-content\/uploads\/2026\/03\/CompanyPage-3-1024x576.jpg","datePublished":"2026-03-25T07:45:56+00:00","dateModified":"2026-03-26T09:12:22+00:00","breadcrumb":{"@id":"https:\/\/www.emg-italy.com\/rooted-in-abruzzo-driven-by-innovation\/#breadcrumb"},"inLanguage":"it-IT","potentialAction":[{"@type":"ReadAction","target":["https:\/\/www.emg-italy.com\/rooted-in-abruzzo-driven-by-innovation\/"]}]},{"@type":"ImageObject","inLanguage":"it-IT","@id":"https:\/\/www.emg-italy.com\/rooted-in-abruzzo-driven-by-innovation\/#primaryimage","url":"https:\/\/www.emg-italy.com\/wp-content\/uploads\/2026\/03\/CompanyPage-3-1024x576.jpg","contentUrl":"https:\/\/www.emg-italy.com\/wp-content\/uploads\/2026\/03\/CompanyPage-3-1024x576.jpg"},{"@type":"BreadcrumbList","@id":"https:\/\/www.emg-italy.com\/rooted-in-abruzzo-driven-by-innovation\/#breadcrumb","itemListElement":[{"@type":"ListItem","position":1,"name":"Home","item":"https:\/\/www.emg-italy.com\/"},{"@type":"ListItem","position":2,"name":"Radici in Abruzzo, spinti dall&#8217;innovazione."}]},{"@type":"WebSite","@id":"https:\/\/www.emg-italy.com\/#website","url":"https:\/\/www.emg-italy.com\/","name":"EMG srl","description":"Gabbiatrici automatiche per pali di fondazione","publisher":{"@id":"https:\/\/www.emg-italy.com\/#organization"},"alternateName":"EMG Pile cage machines","potentialAction":[{"@type":"SearchAction","target":{"@type":"EntryPoint","urlTemplate":"https:\/\/www.emg-italy.com\/?s={search_term_string}"},"query-input":{"@type":"PropertyValueSpecification","valueRequired":true,"valueName":"search_term_string"}}],"inLanguage":"it-IT"},{"@type":"Organization","@id":"https:\/\/www.emg-italy.com\/#organization","name":"EMG srl","alternateName":"Pile Cage Machine","url":"https:\/\/www.emg-italy.com\/","logo":{"@type":"ImageObject","inLanguage":"it-IT","@id":"https:\/\/www.emg-italy.com\/#\/schema\/logo\/image\/","url":"https:\/\/www.emg-italy.com\/wp-content\/uploads\/2026\/03\/emg-logo-white.svg","contentUrl":"https:\/\/www.emg-italy.com\/wp-content\/uploads\/2026\/03\/emg-logo-white.svg","width":394.38,"height":108.61,"caption":"EMG srl"},"image":{"@id":"https:\/\/www.emg-italy.com\/#\/schema\/logo\/image\/"},"sameAs":["https:\/\/www.facebook.com\/emgitaly\/","https:\/\/www.instagram.com\/emg.srl\/","https:\/\/www.linkedin.com\/company\/emgsrl"]}]}},"_links":{"self":[{"href":"https:\/\/www.emg-italy.com\/it\/wp-json\/wp\/v2\/pages\/1330","targetHints":{"allow":["GET"]}}],"collection":[{"href":"https:\/\/www.emg-italy.com\/it\/wp-json\/wp\/v2\/pages"}],"about":[{"href":"https:\/\/www.emg-italy.com\/it\/wp-json\/wp\/v2\/types\/page"}],"author":[{"embeddable":true,"href":"https:\/\/www.emg-italy.com\/it\/wp-json\/wp\/v2\/users\/2"}],"replies":[{"embeddable":true,"href":"https:\/\/www.emg-italy.com\/it\/wp-json\/wp\/v2\/comments?post=1330"}],"version-history":[{"count":13,"href":"https:\/\/www.emg-italy.com\/it\/wp-json\/wp\/v2\/pages\/1330\/revisions"}],"predecessor-version":[{"id":1485,"href":"https:\/\/www.emg-italy.com\/it\/wp-json\/wp\/v2\/pages\/1330\/revisions\/1485"}],"wp:attachment":[{"href":"https:\/\/www.emg-italy.com\/it\/wp-json\/wp\/v2\/media?parent=1330"}],"curies":[{"name":"wp","href":"https:\/\/api.w.org\/{rel}","templated":true}]}}